{"id":721,"date":"2022-06-23T08:42:06","date_gmt":"2022-06-23T08:42:06","guid":{"rendered":"https:\/\/backboon.ch\/contact-us\/"},"modified":"2025-04-22T13:16:25","modified_gmt":"2025-04-22T13:16:25","slug":"contact","status":"publish","type":"page","link":"https:\/\/backboon.ch\/fr\/contact\/","title":{"rendered":"Contact"},"content":{"rendered":"\n<div class=\"wp-block-group alignfull has-background-primary-background-color has-background pt__13 pb__18 is-layout-flow wp-block-group-is-layout-flow\">\n<div class=\"wp-block-ainoblocks-grid-container alignwide ab-grid-block col-gap-l\">\n<div class=\"wp-block-ainoblocks-grid-item col_start_d__8 col_end_d__12 col_start_t__8 col_end_t__13 col_start_m__1 col_end_m__13 no-stacking align-self__start justify-self__start\">\n<figure class=\"wp-block-image size-full is-resized br-all__l\"><img loading=\"lazy\" decoding=\"async\" width=\"1024\" height=\"683\" src=\"https:\/\/backboon.ch\/wp-content\/uploads\/2024\/10\/backboon_beim_telefonieren-.jpg\" alt=\"\" class=\"wp-image-243\" style=\"width:565px;height:auto\" srcset=\"https:\/\/backboon.ch\/wp-content\/uploads\/2024\/10\/backboon_beim_telefonieren-.jpg 1024w, https:\/\/backboon.ch\/wp-content\/uploads\/2024\/10\/backboon_beim_telefonieren--300x200.jpg 300w, https:\/\/backboon.ch\/wp-content\/uploads\/2024\/10\/backboon_beim_telefonieren--768x512.jpg 768w\" sizes=\"auto, (max-width: 1024px) 100vw, 1024px\" \/><\/figure>\n<\/div>\n\n\n\n<div class=\"wp-block-ainoblocks-grid-item col_start_d__2 col_end_d__6 col_start_t__1 col_end_t__7 col_start_m__1 col_end_m__13 no-stacking align-self__start justify-self__start\">\n<h1 class=\"wp-block-heading has-font-primary-color has-text-color has-text-5-xl-font-size pt__1 pl__10\"><strong>Contactez-nous directement<\/strong><\/h1>\n\n\n\n<p class=\"has-font-secondary-color has-text-color pt__5 pb__12 pl__10\">Nous sommes impatients d&rsquo;avoir de vos nouvelles ! Travaillons ensemble pour trouver une solution qui int\u00e8gre l&rsquo;exercice physique et le bien-\u00eatre dans votre vie quotidienne. Notre \u00e9quipe se tient \u00e0 votre disposition pour vous fournir des conseils personnalis\u00e9s et r\u00e9pondre \u00e0 toutes vos questions sur Backboon\u00ae.<\/p>\n<\/div>\n<\/div>\n\n\n\n<div class=\"wp-block-ainoblocks-grid-container alignwide ab-grid-block col-gap-l\">\n<div class=\"wp-block-ainoblocks-grid-item col_start_d__2 col_end_d__7 col_start_t__1 col_end_t__7 col_start_m__1 col_end_m__13 justify-self__stretch no-stacking ml_d__10 align-self__start pt__13\">\n<p><strong>\u00c9crivez-nous<\/strong><\/p>\n\n\n\n<div class=\"wp-block-contact-form-7-contact-form-selector form-rounded form-fullwidth\"><p class=\"wpcf7-contact-form-not-found\"><strong>Erreur\u00a0:<\/strong> Formulaire de contact non trouv\u00e9\u00a0!<\/p><\/div>\n<\/div>\n\n\n\n<div class=\"wp-block-ainoblocks-grid-item col_start_d__9 col_end_d__11 col_start_t__8 col_end_t__13 col_start_m__1 col_end_m__13 no-stacking align-self__start justify-self__start pt__13\">\n<h2 class=\"wp-block-heading has-font-primary-color has-text-color has-text-l-font-size pb__5\">Pr\u00e9f\u00e9rez-vous le courrier \u00e9lectronique ?<\/h2>\n\n\n\n<p class=\"has-text-xs-font-size pt__1\">Nous sommes \u00e0 votre disposition \u00e0 tout moment. Veuillez \u00e9crire directement \u00e0 <a href=\"http:\/\/bewegung@backboon.ch\/\">bewegung@backboon.ch<\/a> et nous vous contacterons dans les plus brefs d\u00e9lais.<\/p>\n\n\n\n<p class=\"has-text-xs-font-size pt__1\"><\/p>\n\n\n\n<h2 class=\"wp-block-heading has-font-primary-color has-text-color has-text-l-font-size pt__10 pb__5\">Notre bureau  <\/h2>\n\n\n\n<p class=\"has-text-xs-font-size pt__1\">comTeam AG<br\/>Wagistrasse 23<br\/>CH-8952 Schlieren<\/p>\n\n\n\n<p class=\"has-text-xs-font-size pt__1\"><br\/>+41 44 730 45 10<\/p>\n<\/div>\n<\/div>\n<\/div>\n","protected":false},"excerpt":{"rendered":"","protected":false},"author":1,"featured_media":0,"parent":0,"menu_order":0,"comment_status":"closed","ping_status":"closed","template":"","meta":{"footnotes":""},"class_list":["post-721","page","type-page","status-publish","hentry"],"yoast_head":"<!-- This site is optimized with the Yoast SEO plugin v27.4 - https:\/\/yoast.com\/product\/yoast-seo-wordpress\/ -->\n<title>Contact de Backboon\u00ae Schweiz | comTeam<\/title>\n<meta name=\"description\" content=\"Nous sommes impatients de vous contacter - obtenez votre Backboon\u00ae en exclusivit\u00e9 en Suisse d\u00e8s maintenant. Contact : info@backboon.ch\" \/>\n<meta name=\"robots\" content=\"index, follow, max-snippet:-1, max-image-preview:large, max-video-preview:-1\" \/>\n<link rel=\"canonical\" href=\"https:\/\/backboon.ch\/fr\/contact\/\" \/>\n<meta property=\"og:locale\" content=\"fr_FR\" \/>\n<meta property=\"og:type\" content=\"article\" \/>\n<meta property=\"og:title\" content=\"Nous sommes impatients de vous contacter - info@backboon.ch\" \/>\n<meta property=\"og:description\" content=\"Nous sommes impatients de vous contacter - obtenez votre Backboon\u00ae en exclusivit\u00e9 en Suisse d\u00e8s maintenant. Contact : info@backboon.ch\" \/>\n<meta property=\"og:url\" content=\"https:\/\/backboon.ch\/fr\/contact\/\" \/>\n<meta property=\"og:site_name\" content=\"Backboon\u00ae Schweiz\" \/>\n<meta property=\"article:modified_time\" content=\"2025-04-22T13:16:25+00:00\" \/>\n<meta property=\"og:image\" content=\"https:\/\/backboon.ch\/wp-content\/uploads\/2024\/10\/backboon_beim_telefonieren-.jpg\" \/>\n<meta name=\"twitter:card\" content=\"summary_large_image\" \/>\n<meta name=\"twitter:label1\" content=\"Dur\u00e9e de lecture estim\u00e9e\" \/>\n\t<meta name=\"twitter:data1\" content=\"1 minute\" \/>\n<script type=\"application\/ld+json\" class=\"yoast-schema-graph\">{\"@context\":\"https:\\\/\\\/schema.org\",\"@graph\":[{\"@type\":\"WebPage\",\"@id\":\"https:\\\/\\\/backboon.ch\\\/fr\\\/contact\\\/\",\"url\":\"https:\\\/\\\/backboon.ch\\\/fr\\\/contact\\\/\",\"name\":\"Contact de Backboon\u00ae Schweiz | comTeam\",\"isPartOf\":{\"@id\":\"https:\\\/\\\/backboon.ch\\\/#website\"},\"primaryImageOfPage\":{\"@id\":\"https:\\\/\\\/backboon.ch\\\/fr\\\/contact\\\/#primaryimage\"},\"image\":{\"@id\":\"https:\\\/\\\/backboon.ch\\\/fr\\\/contact\\\/#primaryimage\"},\"thumbnailUrl\":\"https:\\\/\\\/backboon.ch\\\/wp-content\\\/uploads\\\/2024\\\/10\\\/backboon_beim_telefonieren-.jpg\",\"datePublished\":\"2022-06-23T08:42:06+00:00\",\"dateModified\":\"2025-04-22T13:16:25+00:00\",\"description\":\"Nous sommes impatients de vous contacter - obtenez votre Backboon\u00ae en exclusivit\u00e9 en Suisse d\u00e8s maintenant. Contact : info@backboon.ch\",\"breadcrumb\":{\"@id\":\"https:\\\/\\\/backboon.ch\\\/fr\\\/contact\\\/#breadcrumb\"},\"inLanguage\":\"fr-FR\",\"potentialAction\":[{\"@type\":\"ReadAction\",\"target\":[\"https:\\\/\\\/backboon.ch\\\/fr\\\/contact\\\/\"]}]},{\"@type\":\"ImageObject\",\"inLanguage\":\"fr-FR\",\"@id\":\"https:\\\/\\\/backboon.ch\\\/fr\\\/contact\\\/#primaryimage\",\"url\":\"https:\\\/\\\/backboon.ch\\\/wp-content\\\/uploads\\\/2024\\\/10\\\/backboon_beim_telefonieren-.jpg\",\"contentUrl\":\"https:\\\/\\\/backboon.ch\\\/wp-content\\\/uploads\\\/2024\\\/10\\\/backboon_beim_telefonieren-.jpg\"},{\"@type\":\"BreadcrumbList\",\"@id\":\"https:\\\/\\\/backboon.ch\\\/fr\\\/contact\\\/#breadcrumb\",\"itemListElement\":[{\"@type\":\"ListItem\",\"position\":1,\"name\":\"Startseite\",\"item\":\"https:\\\/\\\/backboon.ch\\\/fr\\\/\"},{\"@type\":\"ListItem\",\"position\":2,\"name\":\"Contact\"}]},{\"@type\":\"WebSite\",\"@id\":\"https:\\\/\\\/backboon.ch\\\/#website\",\"url\":\"https:\\\/\\\/backboon.ch\\\/\",\"name\":\"Backboon\u00ae Schweiz\",\"description\":\"\",\"publisher\":{\"@id\":\"https:\\\/\\\/backboon.ch\\\/#organization\"},\"potentialAction\":[{\"@type\":\"SearchAction\",\"target\":{\"@type\":\"EntryPoint\",\"urlTemplate\":\"https:\\\/\\\/backboon.ch\\\/?s={search_term_string}\"},\"query-input\":{\"@type\":\"PropertyValueSpecification\",\"valueRequired\":true,\"valueName\":\"search_term_string\"}}],\"inLanguage\":\"fr-FR\"},{\"@type\":\"Organization\",\"@id\":\"https:\\\/\\\/backboon.ch\\\/#organization\",\"name\":\"Backboon\u00ae Schweiz\",\"url\":\"https:\\\/\\\/backboon.ch\\\/\",\"logo\":{\"@type\":\"ImageObject\",\"inLanguage\":\"fr-FR\",\"@id\":\"https:\\\/\\\/backboon.ch\\\/#\\\/schema\\\/logo\\\/image\\\/\",\"url\":\"https:\\\/\\\/backboon.ch\\\/wp-content\\\/uploads\\\/2025\\\/03\\\/backboon_logo.png\",\"contentUrl\":\"https:\\\/\\\/backboon.ch\\\/wp-content\\\/uploads\\\/2025\\\/03\\\/backboon_logo.png\",\"width\":1536,\"height\":267,\"caption\":\"Backboon\u00ae Schweiz\"},\"image\":{\"@id\":\"https:\\\/\\\/backboon.ch\\\/#\\\/schema\\\/logo\\\/image\\\/\"},\"sameAs\":[\"https:\\\/\\\/www.linkedin.com\\\/company\\\/backboon-schweiz\"]}]}<\/script>\n<!-- \/ Yoast SEO plugin. -->","yoast_head_json":{"title":"Contact de Backboon\u00ae Schweiz | comTeam","description":"Nous sommes impatients de vous contacter - obtenez votre Backboon\u00ae en exclusivit\u00e9 en Suisse d\u00e8s maintenant. Contact : info@backboon.ch","robots":{"index":"index","follow":"follow","max-snippet":"max-snippet:-1","max-image-preview":"max-image-preview:large","max-video-preview":"max-video-preview:-1"},"canonical":"https:\/\/backboon.ch\/fr\/contact\/","og_locale":"fr_FR","og_type":"article","og_title":"Nous sommes impatients de vous contacter - info@backboon.ch","og_description":"Nous sommes impatients de vous contacter - obtenez votre Backboon\u00ae en exclusivit\u00e9 en Suisse d\u00e8s maintenant. Contact : info@backboon.ch","og_url":"https:\/\/backboon.ch\/fr\/contact\/","og_site_name":"Backboon\u00ae Schweiz","article_modified_time":"2025-04-22T13:16:25+00:00","og_image":[{"url":"https:\/\/backboon.ch\/wp-content\/uploads\/2024\/10\/backboon_beim_telefonieren-.jpg","type":"","width":"","height":""}],"twitter_card":"summary_large_image","twitter_misc":{"Dur\u00e9e de lecture estim\u00e9e":"1 minute"},"schema":{"@context":"https:\/\/schema.org","@graph":[{"@type":"WebPage","@id":"https:\/\/backboon.ch\/fr\/contact\/","url":"https:\/\/backboon.ch\/fr\/contact\/","name":"Contact de Backboon\u00ae Schweiz | comTeam","isPartOf":{"@id":"https:\/\/backboon.ch\/#website"},"primaryImageOfPage":{"@id":"https:\/\/backboon.ch\/fr\/contact\/#primaryimage"},"image":{"@id":"https:\/\/backboon.ch\/fr\/contact\/#primaryimage"},"thumbnailUrl":"https:\/\/backboon.ch\/wp-content\/uploads\/2024\/10\/backboon_beim_telefonieren-.jpg","datePublished":"2022-06-23T08:42:06+00:00","dateModified":"2025-04-22T13:16:25+00:00","description":"Nous sommes impatients de vous contacter - obtenez votre Backboon\u00ae en exclusivit\u00e9 en Suisse d\u00e8s maintenant. Contact : info@backboon.ch","breadcrumb":{"@id":"https:\/\/backboon.ch\/fr\/contact\/#breadcrumb"},"inLanguage":"fr-FR","potentialAction":[{"@type":"ReadAction","target":["https:\/\/backboon.ch\/fr\/contact\/"]}]},{"@type":"ImageObject","inLanguage":"fr-FR","@id":"https:\/\/backboon.ch\/fr\/contact\/#primaryimage","url":"https:\/\/backboon.ch\/wp-content\/uploads\/2024\/10\/backboon_beim_telefonieren-.jpg","contentUrl":"https:\/\/backboon.ch\/wp-content\/uploads\/2024\/10\/backboon_beim_telefonieren-.jpg"},{"@type":"BreadcrumbList","@id":"https:\/\/backboon.ch\/fr\/contact\/#breadcrumb","itemListElement":[{"@type":"ListItem","position":1,"name":"Startseite","item":"https:\/\/backboon.ch\/fr\/"},{"@type":"ListItem","position":2,"name":"Contact"}]},{"@type":"WebSite","@id":"https:\/\/backboon.ch\/#website","url":"https:\/\/backboon.ch\/","name":"Backboon\u00ae Schweiz","description":"","publisher":{"@id":"https:\/\/backboon.ch\/#organization"},"potentialAction":[{"@type":"SearchAction","target":{"@type":"EntryPoint","urlTemplate":"https:\/\/backboon.ch\/?s={search_term_string}"},"query-input":{"@type":"PropertyValueSpecification","valueRequired":true,"valueName":"search_term_string"}}],"inLanguage":"fr-FR"},{"@type":"Organization","@id":"https:\/\/backboon.ch\/#organization","name":"Backboon\u00ae Schweiz","url":"https:\/\/backboon.ch\/","logo":{"@type":"ImageObject","inLanguage":"fr-FR","@id":"https:\/\/backboon.ch\/#\/schema\/logo\/image\/","url":"https:\/\/backboon.ch\/wp-content\/uploads\/2025\/03\/backboon_logo.png","contentUrl":"https:\/\/backboon.ch\/wp-content\/uploads\/2025\/03\/backboon_logo.png","width":1536,"height":267,"caption":"Backboon\u00ae Schweiz"},"image":{"@id":"https:\/\/backboon.ch\/#\/schema\/logo\/image\/"},"sameAs":["https:\/\/www.linkedin.com\/company\/backboon-schweiz"]}]}},"_links":{"self":[{"href":"https:\/\/backboon.ch\/fr\/wp-json\/wp\/v2\/pages\/721","targetHints":{"allow":["GET"]}}],"collection":[{"href":"https:\/\/backboon.ch\/fr\/wp-json\/wp\/v2\/pages"}],"about":[{"href":"https:\/\/backboon.ch\/fr\/wp-json\/wp\/v2\/types\/page"}],"author":[{"embeddable":true,"href":"https:\/\/backboon.ch\/fr\/wp-json\/wp\/v2\/users\/1"}],"replies":[{"embeddable":true,"href":"https:\/\/backboon.ch\/fr\/wp-json\/wp\/v2\/comments?post=721"}],"version-history":[{"count":8,"href":"https:\/\/backboon.ch\/fr\/wp-json\/wp\/v2\/pages\/721\/revisions"}],"predecessor-version":[{"id":810,"href":"https:\/\/backboon.ch\/fr\/wp-json\/wp\/v2\/pages\/721\/revisions\/810"}],"wp:attachment":[{"href":"https:\/\/backboon.ch\/fr\/wp-json\/wp\/v2\/media?parent=721"}],"curies":[{"name":"wp","href":"https:\/\/api.w.org\/{rel}","templated":true}]}}